{"id":66,"date":"2025-07-02T18:34:12","date_gmt":"2025-07-02T16:34:12","guid":{"rendered":"https:\/\/netzwerkgesundehochschulennord.de\/?page_id=66"},"modified":"2026-04-02T11:40:34","modified_gmt":"2026-04-02T09:40:34","slug":"entstehung-des-netzwerks-gesunde-hochschulen-nord","status":"publish","type":"page","link":"https:\/\/netzwerkgesundehochschulennord.de\/?page_id=66","title":{"rendered":"\u00dcber uns \u2014 Entstehung des NGH Nord"},"content":{"rendered":"\n<div style=\"height:4em\" aria-hidden=\"true\" class=\"wp-block-spacer\"><\/div>\n\n\n\n<main class=\"wp-block-group alignwide has-global-padding is-layout-constrained wp-container-core-group-is-layout-69dafaa9 wp-block-group-is-layout-constrained\" style=\"margin-top:0;margin-bottom:0;padding-right:var(--wp--preset--spacing--40);padding-left:var(--wp--preset--spacing--40)\">\n<div class=\"wp-block-group alignfull has-global-padding is-layout-constrained wp-container-core-group-is-layout-71f2aa9f wp-block-group-is-layout-constrained\">\n<p class=\"has-text-align-center has-heading-font-family\" style=\"margin-top:0;margin-bottom:0;font-size:clamp(1.93rem, 1.93rem + ((1vw - 0.2rem) * 2.45), 3.4rem);\"><strong><mark style=\"background-color:rgba(0, 0, 0, 0);color:#2b3f8a\" class=\"has-inline-color\">Entstehung des Netzwerks Gesunde Hochschulen Nord<\/mark><\/strong><\/p>\n<\/div>\n<\/main>\n\n\n\n<div style=\"height:1em\" aria-hidden=\"true\" class=\"wp-block-spacer\"><\/div>\n\n\n\n<div class=\"wp-block-group alignfull has-x-large-font-size has-global-padding is-layout-constrained wp-container-core-group-is-layout-af43cd99 wp-block-group-is-layout-constrained\" style=\"margin-top:0;margin-bottom:0;padding-top:0;padding-bottom:0\">\n<p class=\"has-text-align-left\" style=\"font-size:clamp(0.875rem, 0.875rem + ((1vw - 0.2rem) * 0.708), 1.3rem);\">Die Notwendigkeit zur Gr\u00fcndung eines regionalen Netzwerks zur Gesundheitsf\u00f6rderung an Hochschulen entstand durch einen ersichtlich gewordenen Bedarf nach Vernetzung n\u00f6rdlicher Hochschulen und Universit\u00e4ten w\u00e4hrend einer Sitzung des&nbsp;<strong><mark style=\"background-color:rgba(0, 0, 0, 0);color:#2b3f8a\" class=\"has-inline-color\">Arbeitskreises Gesundheitsf\u00f6rdernder Hochschulen (AGH)<\/mark><\/strong>&nbsp;im Jahr&nbsp;<strong><mark style=\"background-color:rgba(0, 0, 0, 0);color:#2b3f8a\" class=\"has-inline-color\">2019<\/mark><\/strong>. In anderen Regionen Deutschlands haben sich in den letzten Jahren bereits einige Netzwerke zum Thema Gesundheitsf\u00f6rderung an Hochschulen etabliert (z.\u202fB.&nbsp;<mark style=\"background-color:rgba(0, 0, 0, 0);color:#2b3f8a\" class=\"has-inline-color\"><strong>Arbeitskreis Gesundheitsf\u00f6rdernder Hochschulen S\u00fcdwest<\/strong>,&nbsp;<strong>Netzwerk Gesunde Hochschule NRW<\/strong>,&nbsp;<strong>B\u00fcndnis Gesunde Hochschulen in Sachsen-Anhalt<\/strong><\/mark>). F\u00fcr die n\u00f6rdlichen Regionen hingegen gab es bisher kein Netzwerk, welches sich mit der Gesundheitsf\u00f6rderung aller Beteiligten an einer Hochschule (Studierende, Lehrende, Mitarbeitende aus Verwaltung und Technik) besch\u00e4ftigt. Daher entschloss sich die&nbsp;<strong><mark style=\"background-color:rgba(0, 0, 0, 0);color:#2b3f8a\" class=\"has-inline-color\">Hochschule Hannover<\/mark><\/strong>, das&nbsp;<strong><mark style=\"background-color:rgba(0, 0, 0, 0);color:#2b3f8a\" class=\"has-inline-color\">Netzwerk Gesunde Hochschulen \u2013 Nord<\/mark><\/strong>&nbsp;f\u00fcr die Bundesl\u00e4nder Niedersachsen, Bremen, Hamburg, Schleswig-Holstein und Mecklenburg-Vorpommern zu gr\u00fcnden. Verortet wird das Netzwerk an der Fakult\u00e4t V der Hochschule Hannover. Die&nbsp;<strong><mark style=\"background-color:rgba(0, 0, 0, 0);color:#2b3f8a\" class=\"has-inline-color\">Techniker Krankenkasse (TK)<\/mark><\/strong>&nbsp;unterst\u00fctzt die Hochschule Hannover bei ihrem Vorhaben.<\/p>\n\n\n\n<p class=\"has-text-align-left\" style=\"font-size:clamp(0.875rem, 0.875rem + ((1vw - 0.2rem) * 0.708), 1.3rem);\">Im Setting Hochschule sollen Mitarbeitende, Lehrende und Studierende als zentrale Zielgruppen gesundheitsf\u00f6rderliche Angebote bedarfsorientiert wahrnehmen k\u00f6nnen. Dabei ist eine gemeinsame Weiterentwicklung des&nbsp;<strong><mark style=\"background-color:rgba(0, 0, 0, 0);color:#2b3f8a\" class=\"has-inline-color\">Betrieblichen Gesundheitsmanagements (BGM)<\/mark><\/strong>&nbsp;und des&nbsp;<strong><mark style=\"background-color:rgba(0, 0, 0, 0);color:#2b3f8a\" class=\"has-inline-color\">Studentischen Gesundheitsmanagements (SGM)<\/mark><\/strong>&nbsp;von hoher Relevanz, um gesundheitsf\u00f6rderliche Ma\u00dfnahmen f\u00fcr die gesamte Hochschule zu entwickeln, systematisch durchzuf\u00fchren und evaluieren zu k\u00f6nnen. Im regionalen&nbsp;<strong><mark style=\"background-color:rgba(0, 0, 0, 0);color:#2b3f8a\" class=\"has-inline-color\">Netzwerk Gesunde Hochschulen Nord<\/mark><\/strong>&nbsp;erhalten Hochschulen aus dem norddeutschen Raum die M\u00f6glichkeit, sich als Akteur*innen \u00fcber Projekte und Erfahrungen aus den Bereichen BGM\/SGM auszutauschen. Ziel ist, Innovationen zu gesundheitsf\u00f6rderlichen Ma\u00dfnahmen im Setting Hochschule kooperativ zu nutzen, um die individuelle und soziale Handlungsf\u00e4higkeit zu st\u00e4rken.<\/p>\n\n\n\n<p class=\"has-text-align-left\" style=\"font-size:clamp(0.875rem, 0.875rem + ((1vw - 0.2rem) * 0.708), 1.3rem);\">Zuvor hat sich das Team der Hochschule Hannover bereits mit den Projekten&nbsp;<strong><mark style=\"background-color:rgba(0, 0, 0, 0);color:#2b3f8a\" class=\"has-inline-color\">\u201eGesundheitsf\u00f6rdernde Fakult\u00e4t V \u2013 Campus Kleefeld\u201c<\/mark><\/strong>&nbsp;und&nbsp;<strong><mark style=\"background-color:rgba(0, 0, 0, 0);color:#2b3f8a\" class=\"has-inline-color\">\u201eMAtCHuP \u2013 Smokefree Academics in Health Professions\u201c<\/mark><\/strong>&nbsp;unter Leitung von Herrn Prof. Dr. Bonse-Rohmann besch\u00e4ftigt. Im Rahmen der \u201eGesundheitsf\u00f6rdernden Fakult\u00e4t V \u2013 Campus Kleefeld\u201c wurden Rahmenbedingungen zur Umsetzung eines zielgruppenspezifischen BGM und SGM geschaffen und zum Ende des Projektes in einem Manual verschriftlicht. Zu Beginn des Jahres 2021 wurde das Projekt an das Dekanat der Fakult\u00e4t V \u00fcbergeben und wird somit im Sinne der Nachhaltigkeit von Mitarbeiter*innen der Fakult\u00e4t fortgef\u00fchrt. Das Projekt&nbsp;<strong><mark style=\"background-color:rgba(0, 0, 0, 0);color:#2b3f8a\" class=\"has-inline-color\">\u201eMAtCHuP\u201c<\/mark><\/strong>&nbsp;bezieht sich explizit auf die hochschulische Bildung der Gesundheits- und Pflegeberufe und zielte darauf ab, die Gesundheitskompetenzen Studierender weiterzuentwickeln sowie insbesondere die Tabakpr\u00e4vention auch im Hochschulbereich der hier betrachten Berufe nachhaltig zu implementieren. In diesem Zusammenhang wurde ein Lehr- und Lernkonzept zur Sucht- und insbesondere Tabakpr\u00e4vention f\u00fcr Auszubildende und Studierende aus dem Pflege- und Gesundheitsbereich entwickelt. Neben dem Netzwerk Gesunde Hochschulen \u2013 Nord l\u00e4uft derzeit auch das Projekt&nbsp;<strong><mark style=\"background-color:rgba(0, 0, 0, 0);color:#2b3f8a\" class=\"has-inline-color\">\u201eGeKoNnTeS\u201c<\/mark><\/strong>&nbsp;(Nachhaltigkeit und Transferoptionen studentischer Gesundheitskompetenzen in berufliche Settings). Ziel des Projektes ist die St\u00e4rkung und Weiterentwicklung des Transfers hochschulisch erworbener Gesundheitskompetenzen in parallele und\/oder sp\u00e4tere berufliche Handlungsfelder der Studierenden.<\/p>\n\n\n\n<hr class=\"wp-block-separator has-text-color has-alpha-channel-opacity has-background is-style-wide\" style=\"background-color:#2b3f8a;color:#2b3f8a\"\/>\n<\/div>\n\n\n\n<div class=\"wp-block-group alignfull has-x-large-font-size has-global-padding is-layout-constrained wp-container-core-group-is-layout-1ae4486c wp-block-group-is-layout-constrained\" style=\"margin-top:0;margin-bottom:0;padding-top:0;padding-bottom:0\">\n<div class=\"wp-block-group has-global-padding is-layout-constrained wp-block-group-is-layout-constrained\">\n<div style=\"height:2rem\" aria-hidden=\"true\" class=\"wp-block-spacer\"><\/div>\n\n\n\n<h2 class=\"wp-block-heading alignwide has-text-align-center\"><strong><strong><mark style=\"background-color:rgba(0, 0, 0, 0);color:#2b3f8a\" class=\"has-inline-color\">Welche Vorteile bietet das Netzwerk?<\/mark><\/strong><\/strong><\/h2>\n<\/div>\n\n\n\n<ul style=\"font-size:1px\" class=\"wp-block-list is-style-default\">\n<li style=\"font-size:clamp(0.875rem, 0.875rem + ((1vw - 0.2rem) * 0.708), 1.3rem);\"><strong><mark style=\"background-color:rgba(0, 0, 0, 0);color:#2b3f8a\" class=\"has-inline-color\">Intensiver und regionaler Austausch<\/mark><\/strong> der Partnerhochschulen untereinander.<br><\/li>\n\n\n\n<li style=\"font-size:clamp(0.875rem, 0.875rem + ((1vw - 0.2rem) * 0.708), 1.3rem);\"><strong><mark style=\"background-color:rgba(0, 0, 0, 0);color:#2b3f8a\" class=\"has-inline-color\">Wissenszuwachs<\/mark><\/strong> und Wissenstransfer.<br><\/li>\n\n\n\n<li style=\"font-size:clamp(0.875rem, 0.875rem + ((1vw - 0.2rem) * 0.708), 1.3rem);\">Unterst\u00fctzung bei der <strong><mark style=\"background-color:rgba(0, 0, 0, 0);color:#2b3f8a\" class=\"has-inline-color\">Verankerung von Gesundheitsf\u00f6rderung<\/mark><\/strong> im Personal- und Organisationsbereich.<br><\/li>\n\n\n\n<li style=\"font-size:clamp(0.875rem, 0.875rem + ((1vw - 0.2rem) * 0.708), 1.3rem);\">Nutzung der <strong><mark style=\"background-color:rgba(0, 0, 0, 0);color:#2b3f8a\" class=\"has-inline-color\">Interdisziplinarit\u00e4t<\/mark><\/strong> des Netzwerkes als Ressource.<br><\/li>\n\n\n\n<li style=\"font-size:clamp(0.875rem, 0.875rem + ((1vw - 0.2rem) * 0.708), 1.3rem);\"><strong><mark style=\"background-color:rgba(0, 0, 0, 0);color:#2b3f8a\" class=\"has-inline-color\">St\u00e4rkung der eigenen Handlungsf\u00e4higkeit<\/mark><\/strong> als Hochschule.<br><\/li>\n\n\n\n<li style=\"font-size:clamp(0.875rem, 0.875rem + ((1vw - 0.2rem) * 0.708), 1.3rem);\">Gemeinsames Erarbeiten neuer Ideen und <strong><mark style=\"background-color:rgba(0, 0, 0, 0);color:#2b3f8a\" class=\"has-inline-color\">Innovationen f\u00fcr gesundheitsf\u00f6rderliche Ma\u00dfnahmen<\/mark><\/strong> im Setting Hochschule.<\/li>\n<\/ul>\n\n\n\n<hr class=\"wp-block-separator has-text-color has-alpha-channel-opacity has-background is-style-wide\" style=\"background-color:#2b3f8a;color:#2b3f8a\"\/>\n<\/div>\n\n\n\n<div class=\"wp-block-group alignfull has-x-large-font-size has-global-padding is-layout-constrained wp-container-core-group-is-layout-1ae4486c wp-block-group-is-layout-constrained\" style=\"margin-top:0;margin-bottom:0;padding-top:0;padding-bottom:0\">\n<div class=\"wp-block-group has-global-padding is-layout-constrained wp-block-group-is-layout-constrained\">\n<div style=\"height:2rem\" aria-hidden=\"true\" class=\"wp-block-spacer\"><\/div>\n\n\n\n<h2 class=\"wp-block-heading alignwide has-text-align-center\"><mark style=\"background-color:rgba(0, 0, 0, 0);color:#2b3f8a\" class=\"has-inline-color\">F<strong><strong><strong>ormate und Themen des Netzwerkes<\/strong><\/strong><\/strong><\/mark><\/h2>\n<\/div>\n\n\n\n<div class=\"wp-block-group has-global-padding is-content-justification-left is-layout-constrained wp-container-core-group-is-layout-414f9025 wp-block-group-is-layout-constrained\">\n<p style=\"font-size:clamp(0.875rem, 0.875rem + ((1vw - 0.2rem) * 0.708), 1.3rem);\"><strong><strong><mark style=\"background-color:rgba(0, 0, 0, 0);color:#2b3f8a\" class=\"has-inline-color\">Netzwerkkonferenzen<\/mark><\/strong><\/strong><\/p>\n\n\n\n<ul class=\"wp-block-list is-style-default\">\n<li style=\"font-size:clamp(0.875rem, 0.875rem + ((1vw - 0.2rem) * 0.708), 1.3rem);\"><strong><mark style=\"background-color:rgba(0, 0, 0, 0);color:#2b3f8a\" class=\"has-inline-color\">Ausrichtung:<\/mark><\/strong><mark style=\"background-color:rgba(0, 0, 0, 0)\" class=\"has-inline-color has-contrast-color\">\u00a03x j\u00e4hrlich an den offiziellen Mitgliedshochschulen<\/mark>.<br><\/li>\n\n\n\n<li style=\"font-size:clamp(0.875rem, 0.875rem + ((1vw - 0.2rem) * 0.708), 1.3rem);\"><strong><mark style=\"background-color:rgba(0, 0, 0, 0);color:#2b3f8a\" class=\"has-inline-color\">Bisherige Themen:<\/mark><\/strong> Gesunde F\u00fchrung und Organisations-entwicklung, Gesundheitskompetenzen, New Work, Mentale Gesundheit, Nachhaltigkeit und Gesundheit, Vereinbarkeit von Familie, Beruf, Studium und Gesundheit.<br><\/li>\n\n\n\n<li style=\"font-size:clamp(0.875rem, 0.875rem + ((1vw - 0.2rem) * 0.708), 1.3rem);\"><strong><mark style=\"background-color:rgba(0, 0, 0, 0);color:#2b3f8a\" class=\"has-inline-color\">Zuk\u00fcnftige Themen:<\/mark><\/strong> Gesundheits- und Nachhaltigkeits-kompetenzen Studierender, Bewegungsgewohnheiten im Hochschulalltag.<br><\/li>\n\n\n\n<li style=\"font-size:clamp(0.875rem, 0.875rem + ((1vw - 0.2rem) * 0.708), 1.3rem);\"><strong><mark style=\"background-color:rgba(0, 0, 0, 0);color:#2b3f8a\" class=\"has-inline-color\">Schwerpunktthemen der 2. F\u00f6rderphase (2024-2027):<\/mark><\/strong><br>\n<ul class=\"wp-block-list\">\n<li>Nachhaltigkeit trifft Gesundheit \u2013 Verbindung von Querschnittsthemen an Hochschulen.<br><\/li>\n\n\n\n<li>Gute gesunde Lehre.<br><br><\/li>\n<\/ul>\n<\/li>\n<\/ul>\n\n\n\n<hr class=\"wp-block-separator aligncenter has-text-color has-alpha-channel-opacity has-background is-style-default\" style=\"background-color:#2b3f8a;color:#2b3f8a\"\/>\n<\/div>\n\n\n\n<div class=\"wp-block-group has-global-padding is-content-justification-left is-layout-constrained wp-container-core-group-is-layout-414f9025 wp-block-group-is-layout-constrained\">\n<p style=\"font-size:clamp(0.875rem, 0.875rem + ((1vw - 0.2rem) * 0.708), 1.3rem);\"><strong><strong><mark style=\"background-color:rgba(0, 0, 0, 0);color:#2b3f8a\" class=\"has-inline-color\"><strong><strong>Arbeitsgruppe \u201eGesunde F\u00fchrung\u201c<\/strong><\/strong><\/mark><\/strong><\/strong><\/p>\n\n\n\n<ul class=\"wp-block-list is-style-default\">\n<li style=\"font-size:clamp(0.875rem, 0.875rem + ((1vw - 0.2rem) * 0.708), 1.3rem);\">Erarbeitung eines gemeinsamen Verst\u00e4ndnisses von \u201eGesunder F\u00fchrung\u201c an Hochschulen, Inputs zur Gesunden F\u00fchrung.<br><\/li>\n\n\n\n<li style=\"font-size:clamp(0.875rem, 0.875rem + ((1vw - 0.2rem) * 0.708), 1.3rem);\"><strong><mark style=\"background-color:rgba(0, 0, 0, 0);color:#2b3f8a\" class=\"has-inline-color\">Geplant:<\/mark><\/strong>&nbsp;Ver\u00f6ffentlichung von Handlungsempfehlungen f\u00fcr Koordinator:innen des Gesundheitsmanagements an Hochschulen zum Thema Gesunde F\u00fchrung.<br><br><\/li>\n<\/ul>\n\n\n\n<hr class=\"wp-block-separator aligncenter has-text-color has-alpha-channel-opacity has-background is-style-default\" style=\"background-color:#2b3f8a;color:#2b3f8a\"\/>\n<\/div>\n\n\n\n<div class=\"wp-block-group has-global-padding is-content-justification-left is-layout-constrained wp-container-core-group-is-layout-414f9025 wp-block-group-is-layout-constrained\">\n<p style=\"font-size:clamp(0.875rem, 0.875rem + ((1vw - 0.2rem) * 0.708), 1.3rem);\"><strong><strong><mark style=\"background-color:rgba(0, 0, 0, 0);color:#2b3f8a\" class=\"has-inline-color\"><strong><strong><strong><strong>\u201eNetzwerk im Dialog\u201c<\/strong><\/strong><\/strong><\/strong><\/mark><\/strong><\/strong><\/p>\n\n\n\n<ul class=\"wp-block-list is-style-default\">\n<li style=\"font-size:clamp(0.875rem, 0.875rem + ((1vw - 0.2rem) * 0.708), 1.3rem);\">Organisationsentwicklung an Hochschulen, Anwendung der AGH-G\u00fctekriterien und des Reflexions- und Entwicklungsinstruments\u00a0<strong><mark style=\"background-color:rgba(0, 0, 0, 0);color:#2b3f8a\" class=\"has-inline-color\">&#8222;Auf dem Weg zur Gesunden Hochschule\u201c<\/mark><\/strong>.<br><\/li>\n\n\n\n<li style=\"font-size:clamp(0.875rem, 0.875rem + ((1vw - 0.2rem) * 0.708), 1.3rem);\">Bedarfsorientierte Planung anhand aktueller Themen<br><\/li>\n<\/ul>\n<\/div>\n\n\n\n<hr class=\"wp-block-separator has-text-color has-alpha-channel-opacity has-background is-style-wide\" style=\"background-color:#2b3f8a;color:#2b3f8a\"\/>\n<\/div>\n\n\n\n<div class=\"wp-block-group alignfull has-x-large-font-size has-global-padding is-layout-constrained wp-container-core-group-is-layout-1ae4486c wp-block-group-is-layout-constrained\" style=\"margin-top:0;margin-bottom:0;padding-top:0;padding-bottom:0\">\n<div class=\"wp-block-group has-global-padding is-layout-constrained wp-block-group-is-layout-constrained\">\n<div style=\"height:2rem\" aria-hidden=\"true\" class=\"wp-block-spacer\"><\/div>\n\n\n\n<h2 class=\"wp-block-heading alignwide has-text-align-center\"><strong><strong><strong><mark style=\"background-color:rgba(0, 0, 0, 0);color:#2b3f8a\" class=\"has-inline-color\">Ziele des Netzwerkes<\/mark><\/strong><\/strong><\/strong><\/h2>\n<\/div>\n\n\n\n<ul class=\"wp-block-list is-style-default\">\n<li style=\"font-size:clamp(0.875rem, 0.875rem + ((1vw - 0.2rem) * 0.708), 1.3rem);\"><strong><mark style=\"background-color:rgba(0, 0, 0, 0);color:#2b3f8a\" class=\"has-inline-color\">Wissenszuwachs und Wissenstransfer<\/mark><\/strong>\u00a0in den Bereichen BGM, SGM, HGM.<br><\/li>\n\n\n\n<li style=\"font-size:clamp(0.875rem, 0.875rem + ((1vw - 0.2rem) * 0.708), 1.3rem);\">Unterst\u00fctzung bei der <strong><mark style=\"background-color:rgba(0, 0, 0, 0);color:#2b3f8a\" class=\"has-inline-color\">Verankerung von Gesundheitsf\u00f6rderung<\/mark><\/strong> im Personal-und Organisationsbereich<br><\/li>\n\n\n\n<li style=\"font-size:clamp(0.875rem, 0.875rem + ((1vw - 0.2rem) * 0.708), 1.3rem);\">Nutzung der <strong><mark style=\"background-color:rgba(0, 0, 0, 0);color:#2b3f8a\" class=\"has-inline-color\">Interdisziplinarit\u00e4t<\/mark><\/strong> des Netzwerks als Ressource.<br><\/li>\n\n\n\n<li style=\"font-size:clamp(0.875rem, 0.875rem + ((1vw - 0.2rem) * 0.708), 1.3rem);\"><strong><mark style=\"background-color:rgba(0, 0, 0, 0);color:#2b3f8a\" class=\"has-inline-color\">St\u00e4rkung<\/mark><\/strong> der eigenen <strong><mark style=\"background-color:rgba(0, 0, 0, 0);color:#2b3f8a\" class=\"has-inline-color\">Handlungsf\u00e4higkeit<\/mark><\/strong> als Hochschule<br><\/li>\n\n\n\n<li style=\"font-size:clamp(0.875rem, 0.875rem + ((1vw - 0.2rem) * 0.708), 1.3rem);\">Gemeinsames Erarbeiten neuer Ideen und <strong><mark style=\"background-color:rgba(0, 0, 0, 0);color:#2b3f8a\" class=\"has-inline-color\">Innovationen f\u00fcr gesundheitsf\u00f6rderliche Ma\u00dfnahmen<\/mark><\/strong> im Setting Hochschule<br><\/li>\n\n\n\n<li style=\"font-size:clamp(0.875rem, 0.875rem + ((1vw - 0.2rem) * 0.708), 1.3rem);\">Erh\u00f6hung der Relevanz des Themas <strong><mark style=\"background-color:rgba(0, 0, 0, 0);color:#2b3f8a\" class=\"has-inline-color\">Gesundheitsf\u00f6rderung<\/mark><\/strong>\u00a0(institutionell und politisch).<br><\/li>\n\n\n\n<li style=\"font-size:clamp(0.875rem, 0.875rem + ((1vw - 0.2rem) * 0.708), 1.3rem);\">Effektive <strong><mark style=\"background-color:rgba(0, 0, 0, 0);color:#2b3f8a\" class=\"has-inline-color\">Nutzung von Synergieeffekten<\/mark><\/strong> mit anderen Netzwerken (AGH, KGH, regionale Netzwerke)\n<ul class=\"wp-block-list\">\n<li>Sie sind an der Teilnahme am Netzwerk Gesunde Hochschulen &#8211; Nord interessiert? <br>Dann melden Sie sich gerne unter&nbsp;<a href=\"https:\/\/f5.hs-hannover.de\/forschung\/netzwerk-gesunde-hochschulen-nord\"><u><strong><mark style=\"background-color:rgba(0, 0, 0, 0);color:#2b3f8a\" class=\"has-inline-color\">F5-NetzwerkNord(at)hs-hannover.de<\/mark><\/strong><\/u><\/a><\/li>\n<\/ul>\n<\/li>\n<\/ul>\n<\/div>\n\n\n\n<div style=\"height:4em\" aria-hidden=\"true\" class=\"wp-block-spacer\"><\/div>\n\n\n\n<div class=\"wp-block-group alignfull has-global-padding is-layout-constrained wp-container-core-group-is-layout-a5dd074b wp-block-group-is-layout-constrained\">\n<hr class=\"wp-block-separator alignwide has-text-color has-alpha-channel-opacity has-background is-style-wide\" style=\"background-color:#2b3f8a;color:#2b3f8a\"\/>\n\n\n\n<p><\/p>\n\n\n\n<p><\/p>\n<\/div>\n","protected":false},"excerpt":{"rendered":"<p>Entstehung des Netzwerks Gesunde Hochschulen Nord Die Notwendigkeit zur Gr\u00fcndung eines regionalen Netzwerks zur Gesundheitsf\u00f6rderung an Hochschulen entstand durch einen ersichtlich gewordenen Bedarf nach Vernetzung n\u00f6rdlicher Hochschulen und Universit\u00e4ten w\u00e4hrend einer Sitzung des&nbsp;Arbeitskreises Gesundheitsf\u00f6rdernder Hochschulen (AGH)&nbsp;im Jahr&nbsp;2019. In anderen Regionen Deutschlands haben sich in den letzten Jahren bereits einige Netzwerke zum Thema Gesundheitsf\u00f6rderung an Hochschulen [&hellip;]<\/p>\n","protected":false},"author":1,"featured_media":0,"parent":0,"menu_order":0,"comment_status":"open","ping_status":"closed","template":"","meta":{"footnotes":""},"class_list":["post-66","page","type-page","status-publish","hentry"],"_links":{"self":[{"href":"https:\/\/netzwerkgesundehochschulennord.de\/index.php?rest_route=\/wp\/v2\/pages\/66","targetHints":{"allow":["GET"]}}],"collection":[{"href":"https:\/\/netzwerkgesundehochschulennord.de\/index.php?rest_route=\/wp\/v2\/pages"}],"about":[{"href":"https:\/\/netzwerkgesundehochschulennord.de\/index.php?rest_route=\/wp\/v2\/types\/page"}],"author":[{"embeddable":true,"href":"https:\/\/netzwerkgesundehochschulennord.de\/index.php?rest_route=\/wp\/v2\/users\/1"}],"replies":[{"embeddable":true,"href":"https:\/\/netzwerkgesundehochschulennord.de\/index.php?rest_route=%2Fwp%2Fv2%2Fcomments&post=66"}],"version-history":[{"count":92,"href":"https:\/\/netzwerkgesundehochschulennord.de\/index.php?rest_route=\/wp\/v2\/pages\/66\/revisions"}],"predecessor-version":[{"id":1105,"href":"https:\/\/netzwerkgesundehochschulennord.de\/index.php?rest_route=\/wp\/v2\/pages\/66\/revisions\/1105"}],"wp:attachment":[{"href":"https:\/\/netzwerkgesundehochschulennord.de\/index.php?rest_route=%2Fwp%2Fv2%2Fmedia&parent=66"}],"curies":[{"name":"wp","href":"https:\/\/api.w.org\/{rel}","templated":true}]}}