{"id":2,"date":"2025-07-02T14:50:44","date_gmt":"2025-07-02T12:50:44","guid":{"rendered":"https:\/\/netzwerkgesundehochschulennord.de\/?page_id=2"},"modified":"2026-04-02T11:38:38","modified_gmt":"2026-04-02T09:38:38","slug":"beispiel-seite","status":"publish","type":"page","link":"https:\/\/netzwerkgesundehochschulennord.de\/?page_id=2","title":{"rendered":"Arbeitsgruppe Gesunde F\u00fchrung"},"content":{"rendered":"\n<div style=\"height:4em\" aria-hidden=\"true\" class=\"wp-block-spacer\"><\/div>\n\n\n\n<main class=\"wp-block-group alignfull has-global-padding is-layout-constrained wp-container-core-group-is-layout-c6c228fa wp-block-group-is-layout-constrained\" style=\"margin-top:0;margin-bottom:0;padding-right:var(--wp--preset--spacing--40);padding-left:var(--wp--preset--spacing--40)\">\n<div class=\"wp-block-group alignfull has-global-padding is-layout-constrained wp-container-core-group-is-layout-71f2aa9f wp-block-group-is-layout-constrained\">\n<p class=\"has-text-align-center has-heading-font-family\" style=\"margin-top:0;margin-bottom:0;font-size:clamp(1.93rem, 1.93rem + ((1vw - 0.2rem) * 2.45), 3.4rem);\"><strong><mark style=\"background-color:rgba(0, 0, 0, 0);color:#2b3f8a\" class=\"has-inline-color\"><strong>Arbeitsgruppe Gesunde F\u00fchrung im<\/strong><\/mark><\/strong><br><strong><mark style=\"background-color:rgba(0, 0, 0, 0);color:#2b3f8a\" class=\"has-inline-color\"><strong>Netzwerk Gesunde Hochschulen Nord<\/strong><\/mark><\/strong><\/p>\n<\/div>\n<\/main>\n\n\n\n<div style=\"height:1em\" aria-hidden=\"true\" class=\"wp-block-spacer\"><\/div>\n\n\n\n<div class=\"wp-block-group alignfull has-x-large-font-size has-global-padding is-layout-constrained wp-container-core-group-is-layout-0a39e234 wp-block-group-is-layout-constrained\" style=\"margin-top:0;margin-bottom:0;padding-top:0;padding-bottom:0\">\n<p class=\"has-text-align-left has-medium-font-size\">Die Arbeitsgruppe&nbsp;<mark style=\"background-color:rgba(0, 0, 0, 0);color:#2b3f8a\" class=\"has-inline-color\"><strong>Gesunde F\u00fchrung<\/strong><\/mark>&nbsp;wurde 2021 im <strong><mark style=\"background-color:rgba(0, 0, 0, 0);color:#2b3f8a\" class=\"has-inline-color\">Netzwerk Gesunde Hochschulen Nord<\/mark><\/strong> gegr\u00fcndet. Sie verbindet Expertinnen und Experten aus mehreren norddeutschen Hochschulen, um das Thema Gesunde F\u00fchrung hochschul\u00fcbergreifend weiterzuentwickeln und strukturell zu verankern. Seit ihrer Gr\u00fcndung trifft sich die AG regelm\u00e4\u00dfig und hat sich als eines der aktivsten Formate im Netzwerk etabliert.&nbsp;<\/p>\n<\/div>\n\n\n\n<div style=\"height:4em\" aria-hidden=\"true\" class=\"wp-block-spacer\"><\/div>\n\n\n\n<main class=\"wp-block-group alignwide has-global-padding is-layout-constrained wp-container-core-group-is-layout-c6c228fa wp-block-group-is-layout-constrained\" style=\"margin-top:0;margin-bottom:0;padding-right:var(--wp--preset--spacing--40);padding-left:var(--wp--preset--spacing--40)\">\n<div class=\"wp-block-group alignfull has-global-padding is-layout-constrained wp-container-core-group-is-layout-71f2aa9f wp-block-group-is-layout-constrained\">\n<p class=\"has-text-align-center has-heading-font-family\" style=\"margin-top:0;margin-bottom:0;font-size:clamp(1.93rem, 1.93rem + ((1vw - 0.2rem) * 2.45), 3.4rem);\"><strong><mark style=\"background-color:rgba(0, 0, 0, 0);color:#2b3f8a\" class=\"has-inline-color\"><strong><strong>Ziele und Fokus<\/strong><\/strong><\/mark><\/strong><\/p>\n<\/div>\n<\/main>\n\n\n\n<div style=\"height:1em\" aria-hidden=\"true\" class=\"wp-block-spacer\"><\/div>\n\n\n\n<div class=\"wp-block-group alignfull has-x-large-font-size has-global-padding is-layout-constrained wp-container-core-group-is-layout-0a39e234 wp-block-group-is-layout-constrained\" style=\"margin-top:0;margin-bottom:0;padding-top:0;padding-bottom:0\">\n<p class=\"has-text-align-left has-medium-font-size\">Die AG verfolgt das Ziel, gesundheitsf\u00f6rderliche Rahmenbedingungen an Hochschulen zu st\u00e4rken und F\u00fchrung als Teil moderner Hochschulentwicklung sichtbar zu machen. Statt individueller Verhaltens\u00e4nderungen stehen dabei strukturelle, verh\u00e4ltnisorientierte Ans\u00e4tze im Mittelpunkt, zum Beispiel klare Organisationsstrukturen, transparente Kommunikation oder gesundheitsf\u00f6rderliche Arbeitsbedingungen.<br><br>Ein wichtiger Schwerpunkt ist die Entwicklung einer Publikation mit Handlungsempfehlungen zur Gesunden F\u00fchrung, die sich an Koordinatorinnen und Koordinatoren des Gesundheitsmanagements sowie an Hochschulleitungen richtet.<\/p>\n<\/div>\n\n\n\n<div style=\"height:4em\" aria-hidden=\"true\" class=\"wp-block-spacer\"><\/div>\n\n\n\n<main class=\"wp-block-group alignfull has-global-padding is-layout-constrained wp-container-core-group-is-layout-5f1aadd3 wp-block-group-is-layout-constrained\" style=\"margin-top:0;margin-bottom:0;padding-right:var(--wp--preset--spacing--40);padding-left:var(--wp--preset--spacing--40)\">\n<div class=\"wp-block-group alignfull has-global-padding is-layout-constrained wp-container-core-group-is-layout-71f2aa9f wp-block-group-is-layout-constrained\">\n<p class=\"has-text-align-center has-heading-font-family\" style=\"margin-top:0;margin-bottom:0;font-size:clamp(1.93rem, 1.93rem + ((1vw - 0.2rem) * 2.45), 3.4rem);\"><strong><mark style=\"background-color:rgba(0, 0, 0, 0);color:#2b3f8a\" class=\"has-inline-color\"><strong><strong><strong>Mitwirkende Hochschulen und Institutionen<\/strong><\/strong><\/strong><\/mark><\/strong><\/p>\n<\/div>\n<\/main>\n\n\n\n<div style=\"height:1em\" aria-hidden=\"true\" class=\"wp-block-spacer\"><\/div>\n\n\n\n<div class=\"wp-block-group alignfull has-x-large-font-size has-global-padding is-layout-constrained wp-container-core-group-is-layout-0a39e234 wp-block-group-is-layout-constrained\" style=\"margin-top:0;margin-bottom:0;padding-top:0;padding-bottom:0\">\n<p class=\"has-text-align-left has-medium-font-size\">Die AG setzt sich aus Vertreterinnen und Vertretern folgender Einrichtungen zusammen:<\/p>\n\n\n\n<div class=\"wp-block-columns alignfull has-small-font-size is-layout-flex wp-container-core-columns-is-layout-5a67ddcc wp-block-columns-is-layout-flex\" style=\"margin-bottom:0;padding-right:var(--wp--preset--spacing--50);padding-left:var(--wp--preset--spacing--50)\">\n<div class=\"wp-block-column is-vertically-aligned-bottom has-text-color has-link-color has-medium-font-size wp-elements-2e2c41e23666d1b9cdb2f000637de9c1 is-layout-flow wp-block-column-is-layout-flow\" style=\"border-style:none;border-width:0px;border-radius:0px;color:#000000;padding-top:0.5em;padding-right:0.5em;padding-bottom:0.5em;padding-left:0.5em\">\n<figure class=\"wp-block-image aligncenter size-large is-resized\"><img loading=\"lazy\" decoding=\"async\" width=\"1024\" height=\"616\" src=\"https:\/\/netzwerkgesundehochschulennord.de\/wp-content\/uploads\/2025\/08\/HsH_Logo.svg_-1024x616.png\" alt=\"\" class=\"wp-image-351\" style=\"width:200px\" srcset=\"https:\/\/netzwerkgesundehochschulennord.de\/wp-content\/uploads\/2025\/08\/HsH_Logo.svg_-1024x616.png 1024w, https:\/\/netzwerkgesundehochschulennord.de\/wp-content\/uploads\/2025\/08\/HsH_Logo.svg_-300x180.png 300w, https:\/\/netzwerkgesundehochschulennord.de\/wp-content\/uploads\/2025\/08\/HsH_Logo.svg_-768x462.png 768w, https:\/\/netzwerkgesundehochschulennord.de\/wp-content\/uploads\/2025\/08\/HsH_Logo.svg_-1536x924.png 1536w, https:\/\/netzwerkgesundehochschulennord.de\/wp-content\/uploads\/2025\/08\/HsH_Logo.svg_-2048x1232.png 2048w\" sizes=\"auto, (max-width: 1024px) 100vw, 1024px\" \/><figcaption class=\"wp-element-caption\"><strong><mark style=\"background-color:rgba(0, 0, 0, 0);color:#2b3f8a\" class=\"has-inline-color\">Koordinationsteam der HsH<\/mark><\/strong><\/figcaption><\/figure>\n<\/div>\n\n\n\n<div class=\"wp-block-column is-vertically-aligned-bottom has-text-color has-medium-font-size is-layout-flow wp-block-column-is-layout-flow\" style=\"border-style:none;border-width:0px;border-radius:0px;color:#000000;padding-top:0.5em;padding-right:0.5em;padding-bottom:0.5em;padding-left:0.5em\">\n<figure class=\"wp-block-image aligncenter size-full is-resized\"><img loading=\"lazy\" decoding=\"async\" width=\"1200\" height=\"366\" src=\"https:\/\/netzwerkgesundehochschulennord.de\/wp-content\/uploads\/2025\/08\/csm_Signet2018_cbb74092d0.png\" alt=\"\" class=\"wp-image-375\" style=\"width:300px\" srcset=\"https:\/\/netzwerkgesundehochschulennord.de\/wp-content\/uploads\/2025\/08\/csm_Signet2018_cbb74092d0.png 1200w, https:\/\/netzwerkgesundehochschulennord.de\/wp-content\/uploads\/2025\/08\/csm_Signet2018_cbb74092d0-300x92.png 300w, https:\/\/netzwerkgesundehochschulennord.de\/wp-content\/uploads\/2025\/08\/csm_Signet2018_cbb74092d0-1024x312.png 1024w, https:\/\/netzwerkgesundehochschulennord.de\/wp-content\/uploads\/2025\/08\/csm_Signet2018_cbb74092d0-768x234.png 768w\" sizes=\"auto, (max-width: 1200px) 100vw, 1200px\" \/><figcaption class=\"wp-element-caption\"><strong><mark style=\"background-color:rgba(0, 0, 0, 0);color:#2b3f8a\" class=\"has-inline-color\">Inga Gerdes<\/mark><\/strong><\/figcaption><\/figure>\n<\/div>\n\n\n\n<div class=\"wp-block-column is-vertically-aligned-bottom has-text-color has-link-color has-medium-font-size wp-elements-ecaaa73025b07af5bd08abdcb9a51ef5 is-layout-flow wp-block-column-is-layout-flow\" style=\"border-style:none;border-width:0px;border-radius:0px;color:#000000;padding-top:0.5em;padding-right:0.5em;padding-bottom:0.5em;padding-left:0.5em\">\n<figure class=\"wp-block-image aligncenter size-large is-resized\"><img loading=\"lazy\" decoding=\"async\" width=\"1024\" height=\"680\" src=\"https:\/\/netzwerkgesundehochschulennord.de\/wp-content\/uploads\/2025\/12\/1200px-Logo_der_Hochschule_Flensburg-1024x680.png\" alt=\"\" class=\"wp-image-797\" style=\"width:200px\" srcset=\"https:\/\/netzwerkgesundehochschulennord.de\/wp-content\/uploads\/2025\/12\/1200px-Logo_der_Hochschule_Flensburg-1024x680.png 1024w, https:\/\/netzwerkgesundehochschulennord.de\/wp-content\/uploads\/2025\/12\/1200px-Logo_der_Hochschule_Flensburg-300x199.png 300w, https:\/\/netzwerkgesundehochschulennord.de\/wp-content\/uploads\/2025\/12\/1200px-Logo_der_Hochschule_Flensburg-768x510.png 768w, https:\/\/netzwerkgesundehochschulennord.de\/wp-content\/uploads\/2025\/12\/1200px-Logo_der_Hochschule_Flensburg.png 1200w\" sizes=\"auto, (max-width: 1024px) 100vw, 1024px\" \/><figcaption class=\"wp-element-caption\"><strong><mark style=\"background-color:rgba(0, 0, 0, 0);color:#2b3f8a\" class=\"has-inline-color\">Stefanie Karkossa<\/mark><\/strong><\/figcaption><\/figure>\n<\/div>\n\n\n\n<div class=\"wp-block-column is-vertically-aligned-bottom has-text-color has-link-color has-medium-font-size wp-elements-ea83efbe41c10587ef58a8a0f8c13832 is-layout-flow wp-block-column-is-layout-flow\" style=\"border-style:none;border-width:0px;border-radius:0px;color:#000000;padding-top:0.5em;padding-right:0.5em;padding-bottom:0.5em;padding-left:0.5em\">\n<figure class=\"wp-block-image aligncenter size-full is-resized\"><img loading=\"lazy\" decoding=\"async\" width=\"726\" height=\"232\" src=\"https:\/\/netzwerkgesundehochschulennord.de\/wp-content\/uploads\/2025\/08\/2024-02-23_HueW-Logo-ohne-Hintergrund_Lina.png\" alt=\"\" class=\"wp-image-357\" style=\"width:200px\" srcset=\"https:\/\/netzwerkgesundehochschulennord.de\/wp-content\/uploads\/2025\/08\/2024-02-23_HueW-Logo-ohne-Hintergrund_Lina.png 726w, https:\/\/netzwerkgesundehochschulennord.de\/wp-content\/uploads\/2025\/08\/2024-02-23_HueW-Logo-ohne-Hintergrund_Lina-300x96.png 300w\" sizes=\"auto, (max-width: 726px) 100vw, 726px\" \/><figcaption class=\"wp-element-caption\"><strong><mark style=\"background-color:rgba(0, 0, 0, 0);color:#2b3f8a\" class=\"has-inline-color\">Dr.in Susanne Kannenberg<\/mark><\/strong><\/figcaption><\/figure>\n<\/div>\n<\/div>\n\n\n\n<div class=\"wp-block-columns alignfull has-small-font-size is-layout-flex wp-container-core-columns-is-layout-5a67ddcc wp-block-columns-is-layout-flex\" style=\"margin-bottom:0;padding-right:var(--wp--preset--spacing--50);padding-left:var(--wp--preset--spacing--50)\">\n<div class=\"wp-block-column is-vertically-aligned-center has-text-color has-link-color has-medium-font-size wp-elements-7f5361c83672b9d3c72dfe4271f971ed is-layout-flow wp-block-column-is-layout-flow\" style=\"border-style:none;border-width:0px;border-radius:0px;color:#000000;padding-top:0.5em;padding-right:0.5em;padding-bottom:0.5em;padding-left:0.5em\">\n<figure class=\"wp-block-image aligncenter size-full is-resized\"><img loading=\"lazy\" decoding=\"async\" width=\"684\" height=\"456\" src=\"https:\/\/netzwerkgesundehochschulennord.de\/wp-content\/uploads\/2025\/08\/IPN_Logo_684x456.png\" alt=\"\" class=\"wp-image-367\" style=\"width:264px;height:auto\" srcset=\"https:\/\/netzwerkgesundehochschulennord.de\/wp-content\/uploads\/2025\/08\/IPN_Logo_684x456.png 684w, https:\/\/netzwerkgesundehochschulennord.de\/wp-content\/uploads\/2025\/08\/IPN_Logo_684x456-300x200.png 300w\" sizes=\"auto, (max-width: 684px) 100vw, 684px\" \/><figcaption class=\"wp-element-caption\"><strong><mark style=\"background-color:rgba(0, 0, 0, 0);color:#2b3f8a\" class=\"has-inline-color\">Dr.in Miriam Fr\u00f6hlich-Tovar<\/mark><\/strong><\/figcaption><\/figure>\n<\/div>\n\n\n\n<div class=\"wp-block-column is-vertically-aligned-center has-text-color has-medium-font-size is-layout-flow wp-block-column-is-layout-flow\" style=\"border-style:none;border-width:0px;border-radius:0px;color:#000000;padding-top:0.5em;padding-right:0.5em;padding-bottom:0.5em;padding-left:0.5em\">\n<p class=\"has-text-align-center has-x-large-font-size\"><strong><mark style=\"background-color:rgba(0, 0, 0, 0);color:#2b3f8a\" class=\"has-inline-color\">Arbeitsgruppe Gesunde F\u00fchrung&nbsp;<\/mark><\/strong><\/p>\n<\/div>\n\n\n\n<div class=\"wp-block-column is-vertically-aligned-center has-text-color has-link-color has-medium-font-size wp-elements-1d94ce32679f3f83b2b6f1f9a7637b22 is-layout-flow wp-block-column-is-layout-flow\" style=\"border-style:none;border-width:0px;border-radius:0px;color:#000000;padding-top:0.5em;padding-right:0.5em;padding-bottom:0.5em;padding-left:0.5em\">\n<figure class=\"wp-block-image aligncenter size-full is-resized\"><img loading=\"lazy\" decoding=\"async\" width=\"590\" height=\"590\" src=\"https:\/\/netzwerkgesundehochschulennord.de\/wp-content\/uploads\/2025\/07\/Logo-TK-3.jpg\" alt=\"\" class=\"wp-image-21\" style=\"width:150px\" srcset=\"https:\/\/netzwerkgesundehochschulennord.de\/wp-content\/uploads\/2025\/07\/Logo-TK-3.jpg 590w, https:\/\/netzwerkgesundehochschulennord.de\/wp-content\/uploads\/2025\/07\/Logo-TK-3-300x300.jpg 300w, https:\/\/netzwerkgesundehochschulennord.de\/wp-content\/uploads\/2025\/07\/Logo-TK-3-150x150.jpg 150w\" sizes=\"auto, (max-width: 590px) 100vw, 590px\" \/><figcaption class=\"wp-element-caption\"><strong><mark style=\"background-color:rgba(0, 0, 0, 0);color:#2b3f8a\" class=\"has-inline-color\">Sascha Gutmann<br>Stephan Bartels<br>Sabine K\u00f6nig<br>Dr.in Brigitte Steinke Prozessberaterin<\/mark><\/strong><\/figcaption><\/figure>\n<\/div>\n<\/div>\n\n\n\n<div class=\"wp-block-columns alignfull are-vertically-aligned-bottom has-small-font-size is-layout-flex wp-container-core-columns-is-layout-5a67ddcc wp-block-columns-is-layout-flex\" style=\"margin-bottom:0;padding-right:var(--wp--preset--spacing--50);padding-left:var(--wp--preset--spacing--50)\">\n<div class=\"wp-block-column is-vertically-aligned-bottom has-text-color has-medium-font-size is-layout-flow wp-block-column-is-layout-flow\" style=\"border-style:none;border-width:0px;border-radius:0px;color:#000000;padding-top:0.5em;padding-right:0.5em;padding-bottom:0.5em;padding-left:0.5em\">\n<figure class=\"wp-block-image aligncenter size-full is-resized\"><img loading=\"lazy\" decoding=\"async\" width=\"246\" height=\"251\" src=\"https:\/\/netzwerkgesundehochschulennord.de\/wp-content\/uploads\/2025\/12\/test.png\" alt=\"\" class=\"wp-image-805\" style=\"width:156px;height:auto\"\/><figcaption class=\"wp-element-caption\"><strong><mark style=\"background-color:rgba(0, 0, 0, 0);color:#2b3f8a\" class=\"has-inline-color\">Tanja Borchert<\/mark><\/strong><\/figcaption><\/figure>\n<\/div>\n\n\n\n<div class=\"wp-block-column is-vertically-aligned-bottom has-text-color has-link-color has-medium-font-size wp-elements-61712da8d1a4e3d379269751625a06ed is-layout-flow wp-block-column-is-layout-flow\" style=\"border-style:none;border-width:0px;border-radius:0px;color:#000000;padding-top:0.5em;padding-right:0.5em;padding-bottom:0.5em;padding-left:0.5em\">\n<figure class=\"wp-block-image aligncenter size-large is-resized\"><img loading=\"lazy\" decoding=\"async\" width=\"1024\" height=\"537\" src=\"https:\/\/netzwerkgesundehochschulennord.de\/wp-content\/uploads\/2025\/12\/LMU_Muenchen_Logo.svg_-1024x537.png\" alt=\"\" class=\"wp-image-806\" style=\"width:200px\" srcset=\"https:\/\/netzwerkgesundehochschulennord.de\/wp-content\/uploads\/2025\/12\/LMU_Muenchen_Logo.svg_-1024x537.png 1024w, https:\/\/netzwerkgesundehochschulennord.de\/wp-content\/uploads\/2025\/12\/LMU_Muenchen_Logo.svg_-300x157.png 300w, https:\/\/netzwerkgesundehochschulennord.de\/wp-content\/uploads\/2025\/12\/LMU_Muenchen_Logo.svg_-768x403.png 768w, https:\/\/netzwerkgesundehochschulennord.de\/wp-content\/uploads\/2025\/12\/LMU_Muenchen_Logo.svg_.png 1200w\" sizes=\"auto, (max-width: 1024px) 100vw, 1024px\" \/><figcaption class=\"wp-element-caption\"><strong><mark style=\"background-color:rgba(0, 0, 0, 0);color:#2b3f8a\" class=\"has-inline-color\">Prof.in Dr.in Yvette Hofmann<br>Saskia Hasreiter<\/mark><\/strong><\/figcaption><\/figure>\n<\/div>\n\n\n\n<div class=\"wp-block-column is-vertically-aligned-bottom has-text-color has-link-color has-medium-font-size wp-elements-0efe9ef0abba2efec1d3aee319993bb3 is-layout-flow wp-block-column-is-layout-flow\" style=\"border-style:none;border-width:0px;border-radius:0px;color:#000000;padding-top:0.5em;padding-right:0.5em;padding-bottom:0.5em;padding-left:0.5em\">\n<p><mark style=\"background-color:rgba(0, 0, 0, 0);color:#2b3f8a\" class=\"has-inline-color\"><strong>Ehemalige Mitglieder:<\/strong><br>Universit\u00e4t Hamburg \u2013 Dr. Schweden<br>Universit\u00e4t Kiel \u2013 Wiebke Skala<br>H\u00fcW \u2013 Monika Hartmann-Bischof<br>HsH \u2013 Prof. Dr. Michael Leonard Bienert<br>Leuphana L\u00fcneburg \u2013 Nicole Woltmann<\/mark><\/p>\n<\/div>\n<\/div>\n<\/div>\n\n\n\n<div style=\"height:4em\" aria-hidden=\"true\" class=\"wp-block-spacer\"><\/div>\n\n\n\n<main class=\"wp-block-group alignfull has-global-padding is-layout-constrained wp-container-core-group-is-layout-69dafaa9 wp-block-group-is-layout-constrained\" style=\"margin-top:0;margin-bottom:0;padding-right:var(--wp--preset--spacing--40);padding-left:var(--wp--preset--spacing--40)\">\n<div class=\"wp-block-group alignfull has-global-padding is-layout-constrained wp-container-core-group-is-layout-71f2aa9f wp-block-group-is-layout-constrained\">\n<p class=\"has-text-align-center has-heading-font-family\" style=\"margin-top:0;margin-bottom:0;font-size:clamp(1.93rem, 1.93rem + ((1vw - 0.2rem) * 2.45), 3.4rem);\"><strong><mark style=\"background-color:rgba(0, 0, 0, 0);color:#2b3f8a\" class=\"has-inline-color\"><strong><strong><strong>Ausblick<\/strong><\/strong><\/strong><\/mark><\/strong><\/p>\n<\/div>\n<\/main>\n\n\n\n<div style=\"height:1em\" aria-hidden=\"true\" class=\"wp-block-spacer\"><\/div>\n\n\n\n<div class=\"wp-block-group alignfull has-x-large-font-size has-global-padding is-layout-constrained wp-container-core-group-is-layout-0a39e234 wp-block-group-is-layout-constrained\" style=\"margin-top:0;margin-bottom:0;padding-top:0;padding-bottom:0\">\n<p class=\"has-text-align-left has-medium-font-size\">Die Handlungsempfehlungen werden 2026 ver\u00f6ffentlicht und im Netzwerk sowie bundesweit verbreitet. Ziel ist es, Hochschulen dabei zu unterst\u00fctzen, Gesunde F\u00fchrung strategisch und nachhaltig in Strukturen, Leitlinien und Alltagsprozessen zu verankern.&nbsp;<\/p>\n<\/div>\n\n\n\n<div style=\"height:4em\" aria-hidden=\"true\" class=\"wp-block-spacer\"><\/div>\n\n\n\n<div class=\"wp-block-group alignfull has-global-padding is-layout-constrained wp-container-core-group-is-layout-a5dd074b wp-block-group-is-layout-constrained\">\n<hr class=\"wp-block-separator alignwide has-text-color has-alpha-channel-opacity has-background is-style-wide\" style=\"background-color:#2b3f8a;color:#2b3f8a\"\/>\n\n\n\n<p><\/p>\n\n\n\n<p><\/p>\n<\/div>\n","protected":false},"excerpt":{"rendered":"<p>Arbeitsgruppe Gesunde F\u00fchrung imNetzwerk Gesunde Hochschulen Nord Die Arbeitsgruppe&nbsp;Gesunde F\u00fchrung&nbsp;wurde 2021 im Netzwerk Gesunde Hochschulen Nord gegr\u00fcndet. Sie verbindet Expertinnen und Experten aus mehreren norddeutschen Hochschulen, um das Thema Gesunde F\u00fchrung hochschul\u00fcbergreifend weiterzuentwickeln und strukturell zu verankern. Seit ihrer Gr\u00fcndung trifft sich die AG regelm\u00e4\u00dfig und hat sich als eines der aktivsten Formate im Netzwerk [&hellip;]<\/p>\n","protected":false},"author":1,"featured_media":0,"parent":0,"menu_order":0,"comment_status":"closed","ping_status":"closed","template":"","meta":{"footnotes":""},"class_list":["post-2","page","type-page","status-publish","hentry"],"_links":{"self":[{"href":"https:\/\/netzwerkgesundehochschulennord.de\/index.php?rest_route=\/wp\/v2\/pages\/2","targetHints":{"allow":["GET"]}}],"collection":[{"href":"https:\/\/netzwerkgesundehochschulennord.de\/index.php?rest_route=\/wp\/v2\/pages"}],"about":[{"href":"https:\/\/netzwerkgesundehochschulennord.de\/index.php?rest_route=\/wp\/v2\/types\/page"}],"author":[{"embeddable":true,"href":"https:\/\/netzwerkgesundehochschulennord.de\/index.php?rest_route=\/wp\/v2\/users\/1"}],"replies":[{"embeddable":true,"href":"https:\/\/netzwerkgesundehochschulennord.de\/index.php?rest_route=%2Fwp%2Fv2%2Fcomments&post=2"}],"version-history":[{"count":38,"href":"https:\/\/netzwerkgesundehochschulennord.de\/index.php?rest_route=\/wp\/v2\/pages\/2\/revisions"}],"predecessor-version":[{"id":1102,"href":"https:\/\/netzwerkgesundehochschulennord.de\/index.php?rest_route=\/wp\/v2\/pages\/2\/revisions\/1102"}],"wp:attachment":[{"href":"https:\/\/netzwerkgesundehochschulennord.de\/index.php?rest_route=%2Fwp%2Fv2%2Fmedia&parent=2"}],"curies":[{"name":"wp","href":"https:\/\/api.w.org\/{rel}","templated":true}]}}